{"id":5002,"date":"2024-07-18T20:51:15","date_gmt":"2024-07-18T20:51:15","guid":{"rendered":"https:\/\/feministaslucidas.org\/?page_id=5002"},"modified":"2024-07-18T20:51:15","modified_gmt":"2024-07-18T20:51:15","slug":"nosotras","status":"publish","type":"page","link":"https:\/\/feministaslucidas.org\/index.php\/nosotras\/","title":{"rendered":"Nosotras"},"content":{"rendered":"\n<h2 class=\"wp-block-heading\">Nosotras<\/h2>\n\n\n\n<p>Feministas L\u00facidas nace a mediados del a\u00f1o 2014 como espacio pol\u00edtico, al que Andrea Franulic Depix, acompa\u00f1ada por Jessica Gamboa Vald\u00e9s, dio apertura. En un comienzo, estuvo conformado, en su mayor\u00eda, por estudiantas de la Facultad de Matem\u00e1ticas de la Universidad de Chile. La necesidad y el deseo hicieron germinar la idea de realizar un Club de Lecturas, que llamamos, inicialmente, Club de Lecturas Feministas L\u00facidas Pensando, con el prop\u00f3sito de reunirnos a leer por placer y para aprender de&nbsp;<em>feminismo radical de la diferencia<\/em>, reconoci\u00e9ndonos en una genealog\u00eda de pensamiento propio de las mujeres.<\/p>\n\n\n\n<figure class=\"wp-block-image size-full\"><img loading=\"lazy\" decoding=\"async\" width=\"1024\" height=\"768\" src=\"https:\/\/feministaslucidas.org\/wp-content\/uploads\/2024\/07\/f049068c-7ec2-43b9-8f90-03fd6ca014cf.jpg\" alt=\"\" class=\"wp-image-4984\" srcset=\"https:\/\/feministaslucidas.org\/wp-content\/uploads\/2024\/07\/f049068c-7ec2-43b9-8f90-03fd6ca014cf.jpg 1024w, https:\/\/feministaslucidas.org\/wp-content\/uploads\/2024\/07\/f049068c-7ec2-43b9-8f90-03fd6ca014cf-300x225.jpg 300w, https:\/\/feministaslucidas.org\/wp-content\/uploads\/2024\/07\/f049068c-7ec2-43b9-8f90-03fd6ca014cf-768x576.jpg 768w\" sizes=\"(max-width: 1024px) 100vw, 1024px\" \/><\/figure>\n","protected":false},"excerpt":{"rendered":"<p>Nosotras Feministas L\u00facidas nace a mediados del a\u00f1o 2014 como espacio pol\u00edtico, al que Andrea&#8230;<\/p>\n","protected":false},"author":1,"featured_media":0,"parent":0,"menu_order":0,"comment_status":"closed","ping_status":"closed","template":"","meta":{"_monsterinsights_skip_tracking":false,"_monsterinsights_sitenote_active":false,"_monsterinsights_sitenote_note":"","_monsterinsights_sitenote_category":0,"footnotes":""},"categories":[],"tags":[],"_links":{"self":[{"href":"https:\/\/feministaslucidas.org\/index.php\/wp-json\/wp\/v2\/pages\/5002"}],"collection":[{"href":"https:\/\/feministaslucidas.org\/index.php\/wp-json\/wp\/v2\/pages"}],"about":[{"href":"https:\/\/feministaslucidas.org\/index.php\/wp-json\/wp\/v2\/types\/page"}],"author":[{"embeddable":true,"href":"https:\/\/feministaslucidas.org\/index.php\/wp-json\/wp\/v2\/users\/1"}],"replies":[{"embeddable":true,"href":"https:\/\/feministaslucidas.org\/index.php\/wp-json\/wp\/v2\/comments?post=5002"}],"version-history":[{"count":3,"href":"https:\/\/feministaslucidas.org\/index.php\/wp-json\/wp\/v2\/pages\/5002\/revisions"}],"predecessor-version":[{"id":5005,"href":"https:\/\/feministaslucidas.org\/index.php\/wp-json\/wp\/v2\/pages\/5002\/revisions\/5005"}],"wp:attachment":[{"href":"https:\/\/feministaslucidas.org\/index.php\/wp-json\/wp\/v2\/media?parent=5002"}],"wp:term":[{"taxonomy":"category","embeddable":true,"href":"https:\/\/feministaslucidas.org\/index.php\/wp-json\/wp\/v2\/categories?post=5002"},{"taxonomy":"post_tag","embeddable":true,"href":"https:\/\/feministaslucidas.org\/index.php\/wp-json\/wp\/v2\/tags?post=5002"}],"curies":[{"name":"wp","href":"https:\/\/api.w.org\/{rel}","templated":true}]}}